{"id":274994,"date":"2026-03-16T10:43:01","date_gmt":"2026-03-16T09:43:01","guid":{"rendered":"https:\/\/wald-abenteuer.de\/barrierefreiheit\/"},"modified":"2026-03-16T10:43:04","modified_gmt":"2026-03-16T09:43:04","slug":"barrierefreiheit","status":"publish","type":"page","link":"https:\/\/wald-abenteuer.de\/en\/barrierefreiheit\/","title":{"rendered":"Barrierefreiheit"},"content":{"rendered":"<div class=\"container-main\">\n<div class=\"cms-page\">\n<div class=\"cms-sections\">\n<div class=\"cms-section pos-0 cms-section-default\">\n<div class=\"cms-section-default boxed\">\n<div class=\"cms-block pos-0 cms-block-text\">\n<div class=\"cms-block-container\">\n<div class=\"cms-block-container-row row cms-row \">\n<div class=\"col-12\" data-cms-element-id=\"91f5fffbbf964fedaf0220fa48360f8e\">\n<div class=\"cms-element-text\">\n<h1>Informationen zur Barrierefreiheit<\/h1>\n<\/div>\n<\/div>\n<\/div>\n<\/div>\n<\/div>\n<\/div>\n<\/div>\n<div class=\"cms-section pos-1 cms-section-default\">\n<div class=\"cms-section-default boxed\">\n<div class=\"cms-block pos-0 cms-block-text\">\n<div class=\"cms-block-container\">\n<div class=\"cms-block-container-row row cms-row \">\n<div class=\"col-12\" data-cms-element-id=\"b3334747f541497997ef732bcf3acd96\">\n<div class=\"cms-element-text\">\n<p>Nachfolgend informieren wir Sie, wie unser digitales Angebot unter wald-abenteuer.de von Personen mit Einschr\u00e4nkungen und Behinderungen genutzt werden kann.<\/p>\n<h2>Geltende Anforderungen<\/h2>\n<p>Die Anforderungen zur Barrierefreiheit f\u00fcr Dienstleistungen ergeben sich aus dem Barrierefreiheitsst\u00e4rkungsgesetz (BFSG), insbesondere aus \u00a7 14 BFSG in Verbindung mit \u00a7 3 Abs. 1 BFSG, sowie der Verordnung zum Barrierefreiheitsst\u00e4rkungsgesetz (BFSGV) und der EU-Richtlinie (EU) 2019\/882. Dienstleistungen sind barrierefrei, wenn sie f\u00fcr Menschen mit Behinderungen in der allgemein \u00fcblichen Weise, ohne besondere Erschwernis und grunds\u00e4tzlich ohne fremde Hilfe auffindbar, zug\u00e4nglich und nutzbar sind.<\/p>\n<h2>Feedback und Kontakt<\/h2>\n<p>Sollten Ihnen Barrieren auf unserer Website auffallen oder ben\u00f6tigen Sie Inhalte in einer f\u00fcr Sie zug\u00e4nglicheren Form, kontaktieren Sie uns bitte via&nbsp;E-Mail: <a href=\"mailto:info@wald-abenteuer.de\" target=\"_blank\" rel=\"noopener\" data-mce-href=\"mailto:info@wald-abenteuer.de\">info@wald-abenteuer.de<\/a>.<br \/>Wir freuen uns \u00fcber Hinweise zur Verbesserung.<\/p>\n<h2>Durchsetzungsverfahren<\/h2>\n<p>Sollten Sie keine zufriedenstellende Antwort auf Ihre Anfrage erhalten, k\u00f6nnen Sie sich an die Schlichtungsstelle wenden: Schlichtungsstelle BGG<br \/>bei der Beauftragten der Bundesregierung f\u00fcr die Belange von Menschen mit Behinderungen<br \/>Mauerstra\u00dfe 53, 10117 Berlin<br \/>Web:&nbsp;<a href=\"http:\/\/www.schlichtungsstelle-bgg.de\" target=\"_blank\" rel=\"noopener\" data-mce-href=\"http:\/\/www.schlichtungsstelle-bgg.de\">www.schlichtungsstelle-bgg.de<\/a><br \/>E-Mail:&nbsp;<a href=\"mailto:info@schlichtungsstelle-bgg.de\" target=\"_self\" data-mce-href=\"mailto:info@schlichtungsstelle-bgg.de\">info@schlichtungsstelle-bgg.de<\/a><br data-mce-bogus=\"1\"><\/p>\n<\/div>\n<\/div>\n<\/div>\n<\/div>\n<\/div>\n<\/div>\n<\/div>\n<\/div>\n<\/div>\n<\/div>\n","protected":false},"excerpt":{"rendered":"<p>Informationen zur Barrierefreiheit Nachfolgend informieren wir Sie, wie unser digitales Angebot unter wald-abenteuer.de von Personen mit Einschr\u00e4nkungen und Behinderungen genutzt werden kann. Geltende Anforderungen Die Anforderungen zur Barrierefreiheit f\u00fcr Dienstleistungen ergeben sich aus dem Barrierefreiheitsst\u00e4rkungsgesetz (BFSG), insbesondere aus \u00a7 14 BFSG in Verbindung mit \u00a7 3 Abs. 1 BFSG, sowie der Verordnung zum Barrierefreiheitsst\u00e4rkungsgesetz (BFSGV) &hellip; <a href=\"https:\/\/wald-abenteuer.de\/en\/barrierefreiheit\/\">Continued<\/a><\/p>\n","protected":false},"author":6,"featured_media":0,"parent":0,"menu_order":0,"comment_status":"closed","ping_status":"closed","template":"","meta":{"_acf_changed":false,"footnotes":""},"class_list":["post-274994","page","type-page","status-publish","hentry"],"acf":[],"yoast_head":"<!-- This site is optimized with the Yoast SEO plugin v27.3 - https:\/\/yoast.com\/product\/yoast-seo-wordpress\/ -->\n<title>Barrierefreiheit - Wald-Abenteuer Kletterparks - Waldkletterparks Velbert, Bad Neuenahr und Leiwen<\/title>\n<meta name=\"description\" content=\"Barrierefreiheit - Wald-Abenteuer Kletterparks - Waldkletterparks Velbert, Bad Neuenahr und Leiwen\" \/>\n<meta name=\"robots\" content=\"index, follow, max-snippet:-1, max-image-preview:large, max-video-preview:-1\" \/>\n<link rel=\"canonical\" href=\"https:\/\/wald-abenteuer.de\/en\/barrierefreiheit\/\" \/>\n<meta property=\"og:locale\" content=\"en_US\" \/>\n<meta property=\"og:type\" content=\"article\" \/>\n<meta property=\"og:title\" content=\"Barrierefreiheit - Wald-Abenteuer Kletterparks - Waldkletterparks Velbert, Bad Neuenahr und Leiwen\" \/>\n<meta property=\"og:description\" content=\"Barrierefreiheit - Wald-Abenteuer Kletterparks - Waldkletterparks Velbert, Bad Neuenahr und Leiwen\" \/>\n<meta property=\"og:url\" content=\"https:\/\/wald-abenteuer.de\/en\/barrierefreiheit\/\" \/>\n<meta property=\"og:site_name\" content=\"Wald-Abenteuer\" \/>\n<meta property=\"article:publisher\" content=\"https:\/\/www.facebook.com\/waldabenteuer.badneuenahr\" \/>\n<meta property=\"article:modified_time\" content=\"2026-03-16T09:43:04+00:00\" \/>\n<meta property=\"og:image\" content=\"https:\/\/wald-abenteuer.de\/wp-content\/uploads\/2016\/08\/placeholder.jpg\" \/>\n<meta name=\"twitter:card\" content=\"summary_large_image\" \/>\n<meta name=\"twitter:site\" content=\"@WA_Bad_Neuenahr\" \/>\n<meta name=\"twitter:label1\" content=\"Est. reading time\" \/>\n\t<meta name=\"twitter:data1\" content=\"1 minute\" \/>\n<script type=\"application\/ld+json\" class=\"yoast-schema-graph\">{\"@context\":\"https:\\\/\\\/schema.org\",\"@graph\":[{\"@type\":\"WebPage\",\"@id\":\"https:\\\/\\\/wald-abenteuer.de\\\/en\\\/barrierefreiheit\\\/\",\"url\":\"https:\\\/\\\/wald-abenteuer.de\\\/en\\\/barrierefreiheit\\\/\",\"name\":\"Barrierefreiheit - Wald-Abenteuer Kletterparks - Waldkletterparks Velbert, Bad Neuenahr und Leiwen\",\"isPartOf\":{\"@id\":\"https:\\\/\\\/wald-abenteuer.de\\\/en\\\/#website\"},\"datePublished\":\"2026-03-16T09:43:01+00:00\",\"dateModified\":\"2026-03-16T09:43:04+00:00\",\"description\":\"Barrierefreiheit - Wald-Abenteuer Kletterparks - Waldkletterparks Velbert, Bad Neuenahr und Leiwen\",\"breadcrumb\":{\"@id\":\"https:\\\/\\\/wald-abenteuer.de\\\/en\\\/barrierefreiheit\\\/#breadcrumb\"},\"inLanguage\":\"en-US\",\"potentialAction\":[{\"@type\":\"ReadAction\",\"target\":[\"https:\\\/\\\/wald-abenteuer.de\\\/en\\\/barrierefreiheit\\\/\"]}]},{\"@type\":\"BreadcrumbList\",\"@id\":\"https:\\\/\\\/wald-abenteuer.de\\\/en\\\/barrierefreiheit\\\/#breadcrumb\",\"itemListElement\":[{\"@type\":\"ListItem\",\"position\":1,\"name\":\"Home\",\"item\":\"https:\\\/\\\/wald-abenteuer.de\\\/en\\\/\"},{\"@type\":\"ListItem\",\"position\":2,\"name\":\"Barrierefreiheit\"}]},{\"@type\":\"WebSite\",\"@id\":\"https:\\\/\\\/wald-abenteuer.de\\\/en\\\/#website\",\"url\":\"https:\\\/\\\/wald-abenteuer.de\\\/en\\\/\",\"name\":\"Wald-Abenteuer\",\"description\":\"\",\"publisher\":{\"@id\":\"https:\\\/\\\/wald-abenteuer.de\\\/en\\\/#organization\"},\"potentialAction\":[{\"@type\":\"SearchAction\",\"target\":{\"@type\":\"EntryPoint\",\"urlTemplate\":\"https:\\\/\\\/wald-abenteuer.de\\\/en\\\/?s={search_term_string}\"},\"query-input\":{\"@type\":\"PropertyValueSpecification\",\"valueRequired\":true,\"valueName\":\"search_term_string\"}}],\"inLanguage\":\"en-US\"},{\"@type\":\"Organization\",\"@id\":\"https:\\\/\\\/wald-abenteuer.de\\\/en\\\/#organization\",\"name\":\"Wald-Abenteuer Kletterparks\",\"url\":\"https:\\\/\\\/wald-abenteuer.de\\\/en\\\/\",\"logo\":{\"@type\":\"ImageObject\",\"inLanguage\":\"en-US\",\"@id\":\"https:\\\/\\\/wald-abenteuer.de\\\/en\\\/#\\\/schema\\\/logo\\\/image\\\/\",\"url\":\"https:\\\/\\\/wald-abenteuer.de\\\/wp-content\\\/uploads\\\/2019\\\/01\\\/Logo_Wald_Abenteuer_No_baseline_dark_green.png\",\"contentUrl\":\"https:\\\/\\\/wald-abenteuer.de\\\/wp-content\\\/uploads\\\/2019\\\/01\\\/Logo_Wald_Abenteuer_No_baseline_dark_green.png\",\"width\":1000,\"height\":187,\"caption\":\"Wald-Abenteuer Kletterparks\"},\"image\":{\"@id\":\"https:\\\/\\\/wald-abenteuer.de\\\/en\\\/#\\\/schema\\\/logo\\\/image\\\/\"},\"sameAs\":[\"https:\\\/\\\/www.facebook.com\\\/waldabenteuer.badneuenahr\",\"https:\\\/\\\/x.com\\\/WA_Bad_Neuenahr\",\"https:\\\/\\\/www.instagram.com\\\/wald_abenteuer\\\/\",\"https:\\\/\\\/www.youtube.com\\\/user\\\/waldabenteuer08\\\/videos\"]}]}<\/script>\n<!-- \/ Yoast SEO plugin. -->","yoast_head_json":{"title":"Barrierefreiheit - Wald-Abenteuer Kletterparks - Waldkletterparks Velbert, Bad Neuenahr und Leiwen","description":"Barrierefreiheit - Wald-Abenteuer Kletterparks - Waldkletterparks Velbert, Bad Neuenahr und Leiwen","robots":{"index":"index","follow":"follow","max-snippet":"max-snippet:-1","max-image-preview":"max-image-preview:large","max-video-preview":"max-video-preview:-1"},"canonical":"https:\/\/wald-abenteuer.de\/en\/barrierefreiheit\/","og_locale":"en_US","og_type":"article","og_title":"Barrierefreiheit - Wald-Abenteuer Kletterparks - Waldkletterparks Velbert, Bad Neuenahr und Leiwen","og_description":"Barrierefreiheit - Wald-Abenteuer Kletterparks - Waldkletterparks Velbert, Bad Neuenahr und Leiwen","og_url":"https:\/\/wald-abenteuer.de\/en\/barrierefreiheit\/","og_site_name":"Wald-Abenteuer","article_publisher":"https:\/\/www.facebook.com\/waldabenteuer.badneuenahr","article_modified_time":"2026-03-16T09:43:04+00:00","og_image":[{"url":"https:\/\/wald-abenteuer.de\/wp-content\/uploads\/2016\/08\/placeholder.jpg","type":"","width":"","height":""}],"twitter_card":"summary_large_image","twitter_site":"@WA_Bad_Neuenahr","twitter_misc":{"Est. reading time":"1 minute"},"schema":{"@context":"https:\/\/schema.org","@graph":[{"@type":"WebPage","@id":"https:\/\/wald-abenteuer.de\/en\/barrierefreiheit\/","url":"https:\/\/wald-abenteuer.de\/en\/barrierefreiheit\/","name":"Barrierefreiheit - Wald-Abenteuer Kletterparks - Waldkletterparks Velbert, Bad Neuenahr und Leiwen","isPartOf":{"@id":"https:\/\/wald-abenteuer.de\/en\/#website"},"datePublished":"2026-03-16T09:43:01+00:00","dateModified":"2026-03-16T09:43:04+00:00","description":"Barrierefreiheit - Wald-Abenteuer Kletterparks - Waldkletterparks Velbert, Bad Neuenahr und Leiwen","breadcrumb":{"@id":"https:\/\/wald-abenteuer.de\/en\/barrierefreiheit\/#breadcrumb"},"inLanguage":"en-US","potentialAction":[{"@type":"ReadAction","target":["https:\/\/wald-abenteuer.de\/en\/barrierefreiheit\/"]}]},{"@type":"BreadcrumbList","@id":"https:\/\/wald-abenteuer.de\/en\/barrierefreiheit\/#breadcrumb","itemListElement":[{"@type":"ListItem","position":1,"name":"Home","item":"https:\/\/wald-abenteuer.de\/en\/"},{"@type":"ListItem","position":2,"name":"Barrierefreiheit"}]},{"@type":"WebSite","@id":"https:\/\/wald-abenteuer.de\/en\/#website","url":"https:\/\/wald-abenteuer.de\/en\/","name":"Wald-Abenteuer","description":"","publisher":{"@id":"https:\/\/wald-abenteuer.de\/en\/#organization"},"potentialAction":[{"@type":"SearchAction","target":{"@type":"EntryPoint","urlTemplate":"https:\/\/wald-abenteuer.de\/en\/?s={search_term_string}"},"query-input":{"@type":"PropertyValueSpecification","valueRequired":true,"valueName":"search_term_string"}}],"inLanguage":"en-US"},{"@type":"Organization","@id":"https:\/\/wald-abenteuer.de\/en\/#organization","name":"Wald-Abenteuer Kletterparks","url":"https:\/\/wald-abenteuer.de\/en\/","logo":{"@type":"ImageObject","inLanguage":"en-US","@id":"https:\/\/wald-abenteuer.de\/en\/#\/schema\/logo\/image\/","url":"https:\/\/wald-abenteuer.de\/wp-content\/uploads\/2019\/01\/Logo_Wald_Abenteuer_No_baseline_dark_green.png","contentUrl":"https:\/\/wald-abenteuer.de\/wp-content\/uploads\/2019\/01\/Logo_Wald_Abenteuer_No_baseline_dark_green.png","width":1000,"height":187,"caption":"Wald-Abenteuer Kletterparks"},"image":{"@id":"https:\/\/wald-abenteuer.de\/en\/#\/schema\/logo\/image\/"},"sameAs":["https:\/\/www.facebook.com\/waldabenteuer.badneuenahr","https:\/\/x.com\/WA_Bad_Neuenahr","https:\/\/www.instagram.com\/wald_abenteuer\/","https:\/\/www.youtube.com\/user\/waldabenteuer08\/videos"]}]}},"_links":{"self":[{"href":"https:\/\/wald-abenteuer.de\/en\/wp-json\/wp\/v2\/pages\/274994","targetHints":{"allow":["GET"]}}],"collection":[{"href":"https:\/\/wald-abenteuer.de\/en\/wp-json\/wp\/v2\/pages"}],"about":[{"href":"https:\/\/wald-abenteuer.de\/en\/wp-json\/wp\/v2\/types\/page"}],"author":[{"embeddable":true,"href":"https:\/\/wald-abenteuer.de\/en\/wp-json\/wp\/v2\/users\/6"}],"replies":[{"embeddable":true,"href":"https:\/\/wald-abenteuer.de\/en\/wp-json\/wp\/v2\/comments?post=274994"}],"version-history":[{"count":1,"href":"https:\/\/wald-abenteuer.de\/en\/wp-json\/wp\/v2\/pages\/274994\/revisions"}],"predecessor-version":[{"id":274995,"href":"https:\/\/wald-abenteuer.de\/en\/wp-json\/wp\/v2\/pages\/274994\/revisions\/274995"}],"wp:attachment":[{"href":"https:\/\/wald-abenteuer.de\/en\/wp-json\/wp\/v2\/media?parent=274994"}],"curies":[{"name":"wp","href":"https:\/\/api.w.org\/{rel}","templated":true}]}}